{"id":8640,"date":"2017-08-29T11:12:28","date_gmt":"2017-08-29T09:12:28","guid":{"rendered":"http:\/\/relaunch.salalieber.com\/?page_id=8640"},"modified":"2025-12-19T13:10:30","modified_gmt":"2025-12-19T12:10:30","slug":"links","status":"publish","type":"page","link":"https:\/\/salalieber.com\/en\/links\/","title":{"rendered":"Links"},"content":{"rendered":"<div class=\"wpb-content-wrapper\"><div class=\"vc_row wpb_row vc_row-fluid edgtf-section edgtf-content-aligment-left\" style=\"\"><div class=\"clearfix edgtf-full-section-inner\"><div class=\"wpb_column vc_column_container vc_col-sm-6\"><div class=\"vc_column-inner\"><div class=\"wpb_wrapper\">\n\t<div class=\"wpb_text_column wpb_content_element\" >\n\t\t<div class=\"wpb_wrapper\">\n\t\t\t<p>Links to external websites of third parties, over whose content I have no influence. Therefore, I cannot assume any liability for this external content. The respective provider or operator of the linked pages is always responsible for their content.<\/p>\n\n\t\t<\/div>\n\t<\/div>\n<div class=\"vc_empty_space\"   style=\"height: 32px\"><span class=\"vc_empty_space_inner\"><\/span><\/div><\/div><\/div><\/div><div class=\"wpb_column vc_column_container vc_col-sm-6\"><div class=\"vc_column-inner\"><div class=\"wpb_wrapper\"><\/div><\/div><\/div><\/div><\/div><div class=\"vc_row wpb_row vc_row-fluid edgtf-section edgtf-content-aligment-left\" style=\"\"><div class=\"clearfix edgtf-full-section-inner\"><div class=\"wpb_column vc_column_container vc_col-sm-6\"><div class=\"vc_column-inner\"><div class=\"wpb_wrapper\">\n\t<div class=\"wpb_text_column wpb_content_element\" >\n\t\t<div class=\"wpb_wrapper\">\n\t\t\t<p><a href=\"http:\/\/artgalerie7.de\/\" target=\"_blank\" rel=\"noopener noreferrer\">artgalerie7.de<\/a><\/p>\n<p><a href=\"https:\/\/www.part2gallery.de\/\" target=\"_blank\" rel=\"noopener noreferrer\">part2gallery.de<\/a><\/p>\n<p><a href=\"https:\/\/sistart.org\/\" target=\"_blank\" rel=\"noopener noreferrer\">sistart.org<\/a><\/p>\n<p><a href=\"http:\/\/galerie-hovestadt.de\/\" target=\"_blank\" rel=\"noopener noreferrer\">galerie-hovestadt.de<\/a><\/p>\n<p><a href=\"http:\/\/jesscato.com\" target=\"_blank\" rel=\"noopener\">jesscato.com<\/a><\/p>\n<p><a href=\"http:\/\/www.luhmannandfriends.com\" target=\"_blank\" rel=\"noopener noreferrer\">luhmannandfriends.com<\/a><\/p>\n<p><a href=\"https:\/\/hr-steindesign.de\/\" target=\"_blank\" rel=\"noopener noreferrer\">hr-steindesign.de<\/a><\/p>\n\n\t\t<\/div>\n\t<\/div>\n<\/div><\/div><\/div><div class=\"wpb_column vc_column_container vc_col-sm-6\"><div class=\"vc_column-inner\"><div class=\"wpb_wrapper\"><\/div><\/div><\/div><\/div><\/div><div class=\"vc_row wpb_row vc_row-fluid edgtf-section edgtf-content-aligment-left\" style=\"\"><div class=\"clearfix edgtf-full-section-inner\"><div class=\"wpb_column vc_column_container vc_col-sm-12\"><div class=\"vc_column-inner\"><div class=\"wpb_wrapper\"><div class=\"vc_empty_space\"   style=\"height: 232px\"><span class=\"vc_empty_space_inner\"><\/span><\/div><\/div><\/div><\/div><\/div><\/div>\n<\/div>","protected":false},"excerpt":{"rendered":"Links zu externen Webseiten Dritter, auf deren Inhalte ich keinen Einfluss habe. Deshalb kann ich f\u00fcr diese fremden Inhalte auch keine Gew\u00e4hr \u00fcbernehmen. F\u00fcr die Inhalte der verlinkten Seiten ist stets der jeweilige Anbieter oder Betreiber der Seiten verantwortlich. artgalerie7.de part2gallery.de sistart.org galerie-hovestadt.de jesscato.com luhmannandfriends.com hr-steindesign.de","protected":false},"author":3,"featured_media":0,"parent":0,"menu_order":0,"comment_status":"closed","ping_status":"closed","template":"","meta":{"footnotes":""},"class_list":["post-8640","page","type-page","status-publish","hentry"],"_links":{"self":[{"href":"https:\/\/salalieber.com\/en\/wp-json\/wp\/v2\/pages\/8640","targetHints":{"allow":["GET"]}}],"collection":[{"href":"https:\/\/salalieber.com\/en\/wp-json\/wp\/v2\/pages"}],"about":[{"href":"https:\/\/salalieber.com\/en\/wp-json\/wp\/v2\/types\/page"}],"author":[{"embeddable":true,"href":"https:\/\/salalieber.com\/en\/wp-json\/wp\/v2\/users\/3"}],"replies":[{"embeddable":true,"href":"https:\/\/salalieber.com\/en\/wp-json\/wp\/v2\/comments?post=8640"}],"version-history":[{"count":21,"href":"https:\/\/salalieber.com\/en\/wp-json\/wp\/v2\/pages\/8640\/revisions"}],"predecessor-version":[{"id":10925,"href":"https:\/\/salalieber.com\/en\/wp-json\/wp\/v2\/pages\/8640\/revisions\/10925"}],"wp:attachment":[{"href":"https:\/\/salalieber.com\/en\/wp-json\/wp\/v2\/media?parent=8640"}],"curies":[{"name":"wp","href":"https:\/\/api.w.org\/{rel}","templated":true}]}}