{"id":8555,"date":"2017-08-18T21:45:24","date_gmt":"2017-08-18T19:45:24","guid":{"rendered":"http:\/\/relaunch.salalieber.com\/?page_id=8555"},"modified":"2025-12-03T15:04:09","modified_gmt":"2025-12-03T14:04:09","slug":"ueber-mich","status":"publish","type":"page","link":"https:\/\/salalieber.com\/en\/ueber-mich\/","title":{"rendered":"About me"},"content":{"rendered":"<div class=\"wpb-content-wrapper\"><div class=\"vc_row wpb_row vc_row-fluid edgtf-section vc_custom_1764759477089 edgtf-content-aligment-left\" style=\"\"><div class=\"clearfix edgtf-full-section-inner\"><div class=\"wpb_column vc_column_container vc_col-sm-6\"><div class=\"vc_column-inner\"><div class=\"wpb_wrapper\"><div class=\"edgtf-crossfade-images\" >\n\t\t<div class=\"edgtf-cfi-img-holder\" style=\" background-color: ;\">\n\t\t<div class=\"edgtf-cfi-img-holder-inner\">\n\t\t\t<img decoding=\"async\" src=\"https:\/\/salalieber.com\/wp-content\/uploads\/2017\/08\/2811DUS926.jpg\" alt=\"initial image\" \/>\n\t\t\t<div class=\"edgtf-cfi-image-hover\" style=\"background-image: url(https:\/\/salalieber.com\/wp-content\/uploads\/2017\/08\/2811DUS924.jpg);\"><\/div>\n\t\t<\/div>\n\t<\/div>\n\t<\/div><\/div><\/div><\/div><div class=\"wpb_column vc_column_container vc_col-sm-3\"><div class=\"vc_column-inner vc_custom_1764759451271\"><div class=\"wpb_wrapper\"><div class=\"vc_empty_space\"   style=\"height: 32px\"><span class=\"vc_empty_space_inner\"><\/span><\/div>\n\t<div class=\"wpb_text_column wpb_content_element\" >\n\t\t<div class=\"wpb_wrapper\">\n\t\t\t<h3>Sala Lieber<\/h3>\n<p><strong>\u00a0<\/strong><\/p>\n\n\t\t<\/div>\n\t<\/div>\n<div class=\"vc_empty_space\"   style=\"height: 20px\"><span class=\"vc_empty_space_inner\"><\/span><\/div>\n\t<div class=\"wpb_text_column wpb_content_element\" >\n\t\t<div class=\"wpb_wrapper\">\n\t\t\t<h5>\"I paint lush pictorial worlds with a touch of symbolism and irony. I draw my inspiration from the Baroque and Rococo periods and reformulate the classical elements into modern stories that contrast the joy of life and Eros with transience.\"<\/h5>\n<p><strong>\u00a0<\/strong><\/p>\n\n\t\t<\/div>\n\t<\/div>\n\n\t<div class=\"wpb_text_column wpb_content_element\" >\n\t\t<div class=\"wpb_wrapper\">\n\t\t\t\n\t\t<\/div>\n\t<\/div>\n<div class=\"vc_empty_space\"   style=\"height: 32px\"><span class=\"vc_empty_space_inner\"><\/span><\/div><\/div><\/div><\/div><div class=\"wpb_column vc_column_container vc_col-sm-3\"><div class=\"vc_column-inner\"><div class=\"wpb_wrapper\"><\/div><\/div><\/div><\/div><\/div><div class=\"vc_row wpb_row vc_row-fluid edgtf-section edgtf-content-aligment-left\" style=\"\"><div class=\"clearfix edgtf-full-section-inner\"><div class=\"wpb_column vc_column_container vc_col-sm-12\"><div class=\"vc_column-inner\"><div class=\"wpb_wrapper\"><div class=\"vc_empty_space\"   style=\"height: 50px\"><span class=\"vc_empty_space_inner\"><\/span><\/div><\/div><\/div><\/div><\/div><\/div><div class=\"vc_row wpb_row vc_row-fluid edgtf-section vc_custom_1502997268189 edgtf-content-aligment-left\" style=\"\"><div class=\"clearfix edgtf-full-section-inner\"><div class=\"wpb_column vc_column_container vc_col-sm-3\"><div class=\"vc_column-inner\"><div class=\"wpb_wrapper\"><\/div><\/div><\/div><div class=\"wpb_column vc_column_container vc_col-sm-3\"><div class=\"vc_column-inner\"><div class=\"wpb_wrapper\">\n\t<div class=\"wpb_text_column wpb_content_element\" >\n\t\t<div class=\"wpb_wrapper\">\n\t\t\t<h3>Sala Lieber<\/h3>\n\n\t\t<\/div>\n\t<\/div>\n<div class=\"vc_empty_space\"   style=\"height: 32px\"><span class=\"vc_empty_space_inner\"><\/span><\/div>\n\t<div class=\"wpb_text_column wpb_content_element\" >\n\t\t<div class=\"wpb_wrapper\">\n\t\t\t<p>Born in 1980 in Budapest, Hungary<\/p>\n<h3>Training<\/h3>\n<p><strong><br \/>\n1999 \u2013 2001 <\/strong><br \/>\nDresden Academy of Fine Arts. Studies in free painting under: Prof. Elke Hoppfe,<br \/>\nProf. Max Uhlig, Prof. Siegfried Klotz.<\/p>\n<p><strong>2001 \u2013 2006<\/strong><br \/>\nD\u00fcsseldorf Art Academy. Studied free painting under: Prof. J\u00f6rg Immendorff,<br \/>\nProf. G. Merz, Prof. Herbert Brandl<\/p>\n<p><strong>2005 <\/strong><br \/>\nAppointment as a master student of Prof. Herbert Brand! Graduation with an academy diploma.<\/p>\n<p><strong>2007 <\/strong><br \/>\nAuditing student in Prof. Karin Kneffel, Bremen.<\/p>\n<p><strong>2019<\/strong><br \/>\nSolo exhibition supported by the Britta and Ulrich Findeisen Foundation in the premises of the Foundation for Art and Architecture in Cologne<\/p>\n\n\t\t<\/div>\n\t<\/div>\n<div class=\"vc_empty_space\"   style=\"height: 50px\"><span class=\"vc_empty_space_inner\"><\/span><\/div>\n\t<div class=\"wpb_text_column wpb_content_element\" >\n\t\t<div class=\"wpb_wrapper\">\n\t\t\t<h3>Awards \/ Prizes<\/h3>\n\n\t\t<\/div>\n\t<\/div>\n<div class=\"vc_empty_space\"   style=\"height: 32px\"><span class=\"vc_empty_space_inner\"><\/span><\/div>\n\t<div class=\"wpb_text_column wpb_content_element\" >\n\t\t<div class=\"wpb_wrapper\">\n\t\t\t<p><strong>2025<br \/>\nBAFA F\u00f6rderung<br \/>\n<\/strong>Funding from the Federal Office for Economic Affairs and Export Control<\/p>\n<p><strong>2019<br \/>\nSolo exhibition supported by the Findeisen Foundation<br \/>\n<\/strong>Solo exhibition supported by the Britta and Ulrich Findeisen Foundation in the premises of the Foundation for Art and Architecture in Cologne<\/p>\n<p><strong>2011\/2012 <\/strong><br \/>\n\"100 Women of Tomorrow\"<br \/>\nAward from the German Federal Government<\/p>\n<p><strong>2012<\/strong><br \/>\nAward: The Great Brockhaus Encyclopedia, limited artist edition designed and hand-signed by Sala Lieber, presented to the German Federal Government<\/p>\n<p><strong>2010<\/strong><br \/>\nZVAB-Phoenix Advancement Award for Young Artists 2010<\/p>\n<p><strong>2008<\/strong><br \/>\nNRW Forum D\u00fcsseldorf Sponsorship Award, Museum Kunstpalast<\/p>\n<p>Kaiserswerth Art Prize<\/p>\n\n\t\t<\/div>\n\t<\/div>\n<div class=\"vc_empty_space\"   style=\"height: 50px\"><span class=\"vc_empty_space_inner\"><\/span><\/div><\/div><\/div><\/div><div class=\"wpb_column vc_column_container vc_col-sm-3\"><div class=\"vc_column-inner\"><div class=\"wpb_wrapper\">\n\t<div class=\"wpb_text_column wpb_content_element\" >\n\t\t<div class=\"wpb_wrapper\">\n\t\t\t<h3>Exhibitions \/ Selection<\/h3>\n\n\t\t<\/div>\n\t<\/div>\n<div class=\"vc_empty_space\"   style=\"height: 32px\"><span class=\"vc_empty_space_inner\"><\/span><\/div>\n\t<div class=\"wpb_text_column wpb_content_element\" >\n\t\t<div class=\"wpb_wrapper\">\n\t\t\t<p><strong>2025<br \/>\n<\/strong>Solo exhibition \u201cSplendor without rules\u201d at Part2Gallery<br \/>\nGroup exhibition with Art Galerie 7 in Stuttgart<br \/>\nSolo exhibition in Milan at Sistart Gallery<br \/>\nArt Karlsruhe 2025 with the ART Gallery 7<\/p>\n<p><strong>2024<br \/>\n<\/strong>Art Karlsruhe with the Art Gallery 7<br \/>\nArt fair in D\u00fcsseldorf \u201cRheinriff\u201d with the Part2Gallery<br \/>\nGroup exhibition \u201cStillness and Movement\u201d in Nottuln at the Hovestadt Gallery<\/p>\n<p><strong>2023<br \/>\n<\/strong>Art Karlsruhe 2023 with the Art Galerie7<br \/>\nArt Gallery 7 Cologne \u201c20th Anniversary Exhibition\u201d<br \/>\nART MUC in Munich with the Part2Gallery<br \/>\nMajor solo exhibition \u201cThe Joy of Painting\u201d including catalogue presentation<\/p>\n<p><strong>2022<\/strong><br \/>\nSolo exhibition, \u201cAmusement\u201d, PART2GALLERY, D\u00fcsseldorf.<br \/>\nSolo exhibition, \u201cWe invite you to the table\u201d, ART Galerie 7, Cologne.<br \/>\nGroup exhibition \u201cSummer Salon\u201d Art: Eros, Dresden<br \/>\nGroup exhibition, \u201cBest Of Artists of the Gallery\u201d, ART Galerie 7, Cologne<br \/>\nGroup exhibition \u201cIn honor of the 750th anniversary of Vischering Castle\u201d<br \/>\nArt fair with Part2Gallery in Genk, Belgium<br \/>\nArt fair in Amsterdam NDSM LOODS with the Part2Gallery<br \/>\nSolo exhibition \u201cAmusement\u201d at the Part2Gallery in D\u00fcsseldorf<\/p>\n<p><strong>2021<br \/>\n<\/strong>\"At Your Service II.\" Solo exhibition at Art Galerie 7 Cologne<br \/>\nSolo exhibition, \u201cOn the sunny side of the street\u201d, PART2GALLERY, D\u00fcsseldorf.<\/p>\n<p><strong>2020<br \/>\n<\/strong>Group exhibition, NACHBR\u00d6TCHEN, Rheinterrasse D\u00fcsseldorf.<br \/>\nSolo exhibition, \u201cAt Your Service\u201d, ART Gallery 7, Cologne.<br \/>\nSolo exhibition, \u201cAt Your Service\u201d in the rooms of the Foundation for Art and<br \/>\nArchitectural culture, Britta and Ulrich Findeisen, Cologne.<\/p>\n<p><strong>2019<\/strong><br \/>\nSolo exhibition supported by the Britta and Ulrich Findeisen Foundation in the<br \/>\nThe premises of the Foundation for Art and Architectural Culture in Cologne.<\/p>\n<p><strong>2018<\/strong><br \/>\nGroup exhibition \u201cHistoRetroShabbyism\u201d at Museumsberg Flensburg.<br \/>\nSolo exhibition, \u201cAt Your Service\u201d, ART Gallery 7, Cologne.<br \/>\n71st Annual Exhibition \u201cArt from Neuss.\u201d<\/p>\n<p><strong>2017<\/strong><br \/>\nSolo exhibition, \u201cGolden Times\u201d, Hoffmann Gallery. Gallery 7.<\/p>\n<p><strong>2016<\/strong><br \/>\nSolo exhibition \u201cKolvenburg\u201d, Billerbeck.<br \/>\nGroup exhibition \u201cReality \u2013 Reflection \u2013 Dream!\u201d ART<\/p>\n<p><strong>2015<\/strong><br \/>\n\u201eHere We Are \u2013 Artist To Watch II.\u201c ART Galerie 7.<br \/>\nSolo exhibition, \u201cBourgeoisie Surrealiste\u201d, Cerny &amp; Partner, Wiesbaden.<\/p>\n<p><strong>2014<\/strong><br \/>\n67th Annual Exhibition of Art from Neuss, Kulturforum Neuss.<br \/>\nSolo exhibition, \u201cOrnithologists Preferred\u201d, Kunstverein M\u00fcnsterland Coesfeld.<br \/>\nGroup exhibition with catalogue in South Korea, in cooperation with Galerie Klose from Essen<\/p>\n<p><strong>2013<\/strong><br \/>\nSolo exhibition, \u201cOrnithologists Preferred\u201d, ART Galerie7, Cologne.<br \/>\nBarock Reloaded, St\u00e4dtische Wessenberg Galerie, Konstanz.<br \/>\nSolo exhibition, \u201cAt Tiffany\u2019s\u201d, ART Galerie 7, Cologne.<\/p>\n<p><strong>Messebeteiligungen:<br \/>\n<\/strong>Annual participation in Art Karlsruhe from 2006 to 2022 with Art Galerie 7<br \/>\nNACHTBR\u00d6TCHEN, Genk, Belgium, NACHTBR\u00d6TCHEN, Amsterdam, Netherlands<br \/>\nContemporary Art Baden-Baden, Galerie Supper. ART Copenhagen with Galerie Hoffmann.<br \/>\nART Bodensee with the Cerny &amp; Partner Gallery, ART Fair Cologne with the ART Gallery 7<br \/>\nArt Mallorca Art Gallery 7, Art Sylt with the Bethge Gallery, Art Seoul: South Korea with the Klose Gallery Essen,<br \/>\nInternational Graphic Arts Biennial - White Nights St. Petersburg, Salon of Contemporary Art Hamburg<\/p>\n\n\t\t<\/div>\n\t<\/div>\n<div class=\"vc_empty_space\"   style=\"height: 50px\"><span class=\"vc_empty_space_inner\"><\/span><\/div><\/div><\/div><\/div><div class=\"wpb_column vc_column_container vc_col-sm-3\"><div class=\"vc_column-inner\"><div class=\"wpb_wrapper\">\n\t<div  class=\"wpb_single_image wpb_content_element vc_align_left wpb_content_element\">\n\t\t\n\t\t<figure class=\"wpb_wrapper vc_figure\">\n\t\t\t<div class=\"vc_single_image-wrapper   vc_box_border_grey\"><img loading=\"lazy\" decoding=\"async\" width=\"1000\" height=\"656\" src=\"https:\/\/salalieber.com\/wp-content\/uploads\/2017\/08\/2811DUS923.jpg\" class=\"vc_single_image-img attachment-full\" alt=\"\" title=\"2811DUS923\" srcset=\"https:\/\/salalieber.com\/wp-content\/uploads\/2017\/08\/2811DUS923.jpg 1000w, https:\/\/salalieber.com\/wp-content\/uploads\/2017\/08\/2811DUS923-900x590.jpg 900w, https:\/\/salalieber.com\/wp-content\/uploads\/2017\/08\/2811DUS923-300x197.jpg 300w, https:\/\/salalieber.com\/wp-content\/uploads\/2017\/08\/2811DUS923-768x504.jpg 768w\" sizes=\"auto, (max-width: 1000px) 100vw, 1000px\" \/><\/div>\n\t\t<\/figure>\n\t<\/div>\n<\/div><\/div><\/div><\/div><\/div><div class=\"vc_row wpb_row vc_row-fluid edgtf-section vc_custom_1764757676327 edgtf-content-aligment-left\" style=\"\"><div class=\"clearfix edgtf-full-section-inner\"><div class=\"wpb_column vc_column_container vc_col-sm-12\"><div class=\"vc_column-inner\"><div class=\"wpb_wrapper\"><div class=\"vc_empty_space\"   style=\"height: 50px\"><span class=\"vc_empty_space_inner\"><\/span><\/div><\/div><\/div><\/div><\/div><\/div><div class=\"vc_row wpb_row vc_row-fluid edgtf-section vc_custom_1764758772368 edgtf-content-aligment-left\" style=\"\"><div class=\"clearfix edgtf-full-section-inner\"><div class=\"wpb_column vc_column_container vc_col-sm-3\"><div class=\"vc_column-inner\"><div class=\"wpb_wrapper\"><\/div><\/div><\/div><div class=\"wpb_column vc_column_container vc_col-sm-6 vc_col-has-fill\"><div class=\"vc_column-inner vc_custom_1764757546888\"><div class=\"wpb_wrapper\"><div class=\"vc_tta-container vc_tta-o-non-responsive\" data-vc-action=\"collapse\" data-vc-tta-autoplay=\"{&quot;delay&quot;:10000}\"><div class=\"vc_general vc_tta vc_tta-tabs vc_tta-o-shape-group vc_tta-has-pagination vc_tta-o-no-fill vc_tta-tabs-position-top  vc_tta-pageable wpb_animate_when_almost_visible wpb_fadeIn fadeIn\"><div class=\"vc_tta-panels-container\">\n<ul aria-label=\"Pagination\" class=\"vc_general vc_pagination vc_pagination-style-outline vc_pagination-shape-square vc_pagination-color-grey\">\n\n<li class=\"vc_pagination-item vc_active\" data-vc-tab>\n\t<a aria-label=\"Pagination Item 1\" href=\"#1511382745679-7a4e7e12-3f30\" class=\"vc_pagination-trigger\" data-vc-tabs data-vc-container=\".vc_tta\"><\/a>\n<\/li>\n\n<li class=\"vc_pagination-item\" data-vc-tab>\n\t<a aria-label=\"Pagination Item 2\" href=\"#1511383122620-cc6c1fa0-737f\" class=\"vc_pagination-trigger\" data-vc-tabs data-vc-container=\".vc_tta\"><\/a>\n<\/li>\n\n<li class=\"vc_pagination-item\" data-vc-tab>\n\t<a aria-label=\"Pagination Item 3\" href=\"#1511382769486-a354ffbb-285f\" class=\"vc_pagination-trigger\" data-vc-tabs data-vc-container=\".vc_tta\"><\/a>\n<\/li>\n\n<li class=\"vc_pagination-item\" data-vc-tab>\n\t<a aria-label=\"Pagination Item 4\" href=\"#1511383048499-c1e64c6f-0357\" class=\"vc_pagination-trigger\" data-vc-tabs data-vc-container=\".vc_tta\"><\/a>\n<\/li>\n\n<\/ul>\n<div class=\"vc_tta-panels\"><div  class=\"vc_tta-panel vc_active\" id=\"1511382745679-7a4e7e12-3f30\" data-vc-content=\".vc_tta-panel-body\"><div class=\"vc_tta-panel-body\">\n\t\t\t<span class=\"vc_tta-panel-title\">\n\t\t\t\t<a  data-vc-container=\".vc_tta-container\" data-vc-accordion=\"\" data-vc-target=\"#1511382745679-7a4e7e12-3f30\"><\/a>\n\t\t\t<\/span>\n\t\t\n\t<div class=\"wpb_text_column wpb_content_element\" >\n\t\t<div class=\"wpb_wrapper\">\n\t\t\t<h5>\u201eEs geht bei Sala Liebers Kunst, ihrer Zeichnung, ihren Siebdrucken und ihrer Malerei durchaus nicht um die \u201es\u00fc\u00dfe&#8221; Oberfl\u00e4che bei der dekorativen, arabesk verspielten Form- und Farbgebung, sondern um die Entwicklung einer neuen Bildsprache im R\u00fcckgriff auf die altmeisterliche des Rokoko.\u201c<\/h5>\n\n\t\t<\/div>\n\t<\/div>\n\n\t<div class=\"wpb_text_column wpb_content_element vc_custom_1764760648854\" >\n\t\t<div class=\"wpb_wrapper\">\n\t\t\t<p>Elmar Zorn<\/p>\n\n\t\t<\/div>\n\t<\/div>\n<\/div><\/div><div  class=\"vc_tta-panel\" id=\"1511383122620-cc6c1fa0-737f\" data-vc-content=\".vc_tta-panel-body\"><div class=\"vc_tta-panel-body\">\n\t\t\t<span class=\"vc_tta-panel-title\">\n\t\t\t\t<a  data-vc-container=\".vc_tta-container\" data-vc-accordion=\"\" data-vc-target=\"#1511383122620-cc6c1fa0-737f\"><\/a>\n\t\t\t<\/span>\n\t\t\n\t<div class=\"wpb_text_column wpb_content_element\" >\n\t\t<div class=\"wpb_wrapper\">\n\t\t\t<h5>\u201eIhre Bildsprache ist eine selbstbewusste, so feminin wie emanzipiert. Sie zeugt von gro\u00dfer Fabulierkunst \u2013 und vom Wissen um die Doppelb\u00f6digkeit des Seins.\u201c<\/h5>\n\n\t\t<\/div>\n\t<\/div>\n\n\t<div class=\"wpb_text_column wpb_content_element vc_custom_1764770586411\" >\n\t\t<div class=\"wpb_wrapper\">\n\t\t\t<p>Doris Pieper<br \/>\nDie Glocke Lokalnachrichten 30.03.2014<\/p>\n\n\t\t<\/div>\n\t<\/div>\n<\/div><\/div><div  class=\"vc_tta-panel\" id=\"1511382769486-a354ffbb-285f\" data-vc-content=\".vc_tta-panel-body\"><div class=\"vc_tta-panel-body\">\n\t\t\t<span class=\"vc_tta-panel-title\">\n\t\t\t\t<a  data-vc-container=\".vc_tta-container\" data-vc-accordion=\"\" data-vc-target=\"#1511382769486-a354ffbb-285f\"><\/a>\n\t\t\t<\/span>\n\t\t\n\t<div class=\"wpb_text_column wpb_content_element\" >\n\t\t<div class=\"wpb_wrapper\">\n\t\t\t<h5>\"In her work, Sala Lieber develops a new style, a new visual language in her exploration of space and its boundaries, the body and its limits. The outstanding aspect of the development of her new visual language lies in the reinterpretation of familiar subjects, reminiscent of famous quotations from art history.\"<\/h5>\n\n\t\t<\/div>\n\t<\/div>\n\n\t<div class=\"wpb_text_column wpb_content_element vc_custom_1764770621165\" >\n\t\t<div class=\"wpb_wrapper\">\n\t\t\t<p>Kunstverein Heinsberg<\/p>\n\n\t\t<\/div>\n\t<\/div>\n<\/div><\/div><div  class=\"vc_tta-panel\" id=\"1511383048499-c1e64c6f-0357\" data-vc-content=\".vc_tta-panel-body\"><div class=\"vc_tta-panel-body\">\n\t\t\t<span class=\"vc_tta-panel-title\">\n\t\t\t\t<a  data-vc-container=\".vc_tta-container\" data-vc-accordion=\"\" data-vc-target=\"#1511383048499-c1e64c6f-0357\"><\/a>\n\t\t\t<\/span>\n\t\t\n\t<div class=\"wpb_text_column wpb_content_element\" >\n\t\t<div class=\"wpb_wrapper\">\n\t\t\t<h5>\"Sala Lieber questions certainties such as past, knowledge and future through brilliant painting and the courage to embrace opulence, beauty and eroticism.\"<\/h5>\n\n\t\t<\/div>\n\t<\/div>\n\n\t<div class=\"wpb_text_column wpb_content_element vc_custom_1764770643838\" >\n\t\t<div class=\"wpb_wrapper\">\n\t\t\t<p>Redaktion Westfalium<\/p>\n\n\t\t<\/div>\n\t<\/div>\n<\/div><\/div><\/div><\/div><\/div><\/div><\/div><\/div><\/div><div class=\"wpb_column vc_column_container vc_col-sm-3\"><div class=\"vc_column-inner\"><div class=\"wpb_wrapper\"><\/div><\/div><\/div><\/div><\/div>\n<\/div>","protected":false},"excerpt":{"rendered":"Sala Lieber \u00a0 \u201eIch male \u00fcppige Bildwelten mit einer Prise Symbolismus und Ironie. Meine Inspiration sch\u00f6pfe ich aus dem Barocken und der Rokokozeit und formuliere die klassischen Elemente um in moderne Geschichten, die Lebenslust und Eros der Verg\u00e4nglichkeit gegen\u00fcberstellen.\u201c \u00a0 Sala Lieber 1980 Geboren in Budapest, Ungarn Ausbildung 1999 \u2013 2001 Hochschule f\u00fcr Bildende K\u00fcnste Dresden. Studium der freien Malerei bei: Prof. Elke Hoppfe, Prof. Max Uhlig, Prof. Siegfried Klotz. 2001 \u2013 2006 Kunstakademie D\u00fcsseldorf. Studium der freien Malerei bei: Prof. J\u00f6rg Immendorff, Prof. G.Merz, Prof.Herbert Brandl 2005 Ernennung zur Meistersch\u00fclerin von Prof.Herbert Brand! Abschluss mit Akademiebrief. 2007 Gasth\u00f6rerin bei Prof. Karin Kneffel, Bremen. 2019 Gef\u00f6rderte Einzelausstellung durch die Stiftung Britta und Ulrich Findeisen in den R\u00e4umen der Stiftung f\u00fcr Kunst und Baukultur in K\u00f6ln Auszeichnungen \/ Preise 2025 BAFA F\u00f6rderung F\u00f6rderung des Bundesamtes f\u00fcr Wirtschaft und Ausfuhrkontrolle 2019 Gef\u00f6rderte Einzelausstellung durch die Stiftung Findeisen Gef\u00f6rderte Einzelausstellung durch die Stiftung Britta und Ulrich Findeisen in den R\u00e4umen der Stiftung f\u00fcr Kunst und Baukultur in K\u00f6ln 2011\/2012 \u201e100 Frauen von Morgen\u201c Auszeichnung durch die Deutsche Bundesregierung 2012 Der Gro\u00dfe Brockhaus, limitierte K\u00fcnstlerausgabe gestaltet und handsigniert von Sala Lieber 2010 ZVAB-Ph\u00f6nix F\u00f6rderpreis...","protected":false},"author":3,"featured_media":0,"parent":0,"menu_order":0,"comment_status":"closed","ping_status":"closed","template":"full-width.php","meta":{"footnotes":""},"class_list":["post-8555","page","type-page","status-publish","hentry"],"_links":{"self":[{"href":"https:\/\/salalieber.com\/en\/wp-json\/wp\/v2\/pages\/8555","targetHints":{"allow":["GET"]}}],"collection":[{"href":"https:\/\/salalieber.com\/en\/wp-json\/wp\/v2\/pages"}],"about":[{"href":"https:\/\/salalieber.com\/en\/wp-json\/wp\/v2\/types\/page"}],"author":[{"embeddable":true,"href":"https:\/\/salalieber.com\/en\/wp-json\/wp\/v2\/users\/3"}],"replies":[{"embeddable":true,"href":"https:\/\/salalieber.com\/en\/wp-json\/wp\/v2\/comments?post=8555"}],"version-history":[{"count":94,"href":"https:\/\/salalieber.com\/en\/wp-json\/wp\/v2\/pages\/8555\/revisions"}],"predecessor-version":[{"id":10680,"href":"https:\/\/salalieber.com\/en\/wp-json\/wp\/v2\/pages\/8555\/revisions\/10680"}],"wp:attachment":[{"href":"https:\/\/salalieber.com\/en\/wp-json\/wp\/v2\/media?parent=8555"}],"curies":[{"name":"wp","href":"https:\/\/api.w.org\/{rel}","templated":true}]}}