{"id":8183,"date":"2017-08-14T20:20:12","date_gmt":"2017-08-14T18:20:12","guid":{"rendered":"http:\/\/relaunch.salalieber.com\/?page_id=8183"},"modified":"2025-10-20T11:59:16","modified_gmt":"2025-10-20T09:59:16","slug":"impressum","status":"publish","type":"page","link":"https:\/\/salalieber.com\/en\/impressum\/","title":{"rendered":"Imprint"},"content":{"rendered":"<p><strong>Information according to \u00a7 5 TMG:<\/strong><\/p>\n<p>Gy\u00f6ngyi Sala Lieber<br \/>\nKanalstrasse 25<br \/>\n41460 Neuss<\/p>\n<p>Telefon: +49 160 95262158<br \/>\nE-Mail: salalieber@googlemail.com<\/p>\n<p>Ust.-ID\u00a0DE252884554<\/p>\n<p>&nbsp;<\/p>\n<p><strong>References:<\/strong><\/p>\n<p>Photographs\/portraits: Patricia Walther, Horst Ossinger DPA<br \/>\nWeb design: Christiane Luhmann, Kamen, <a href=\"http:\/\/www.luhmannandfriends.com\" target=\"_blank\" rel=\"noopener\">www.luhmannandfriends.com<\/a><\/p>\n<p>&nbsp;<\/p>\n<p><strong>Liability for content <\/strong><\/p>\n<p>As a service provider, we are responsible for our own content on these pages in accordance with Section 7 Paragraph 1 of the German Telemedia Act (TMG). However, according to Sections 8 to 10 of the TMG, we are not obligated as a service provider to monitor transmitted or stored third-party information or to investigate circumstances that indicate illegal activity.<\/p>\n<p>Obligations to remove or block the use of information under general law remain unaffected. However, liability in this respect is only possible from the point at which we become aware of a specific legal infringement. Upon becoming aware of such legal infringements, we will remove the content in question immediately.<\/p>\n<p><strong>Liability for links<\/strong><\/p>\n<p>Our website contains links to external websites of third parties, over whose content we have no control. Therefore, we cannot assume any liability for this external content. The respective provider or operator of the linked pages is always responsible for their content. The linked pages were checked for possible legal violations at the time the links were created. Illegal content was not identified at the time the links were created.<\/p>\n<p>However, continuously monitoring the content of linked pages is unreasonable without concrete evidence of a legal violation. Upon becoming aware of any legal violations, we will remove such links immediately.<\/p>\n<p><strong>Copyright <\/strong><\/p>\n<p>The content and works created by the website operators on these pages are subject to German copyright law. Reproduction, processing, distribution, and any form of exploitation beyond the limits of copyright law require the written consent of the respective author or creator. Downloads and copies of this page are permitted only for private, non-commercial use.<\/p>\n<p>Where content on this site has not been created by the operator, the copyrights of third parties are respected. In particular, third-party content is identified as such. Should you nevertheless become aware of a copyright infringement, please notify us accordingly. Upon notification of any legal violations, we will remove such content immediately.<\/p>\n<p>Source: eRecht24<\/p>\n<p>&nbsp;<\/p>","protected":false},"excerpt":{"rendered":"<p>Angaben gem\u00e4\u00df \u00a7 5 TMG: Gy\u00f6ngyi Sala Lieber Kanalstrasse 25 41460 Neuss Telefon: +49 160 95262158 E-Mail: salalieber@googlemail.com Ust.-ID\u00a0DE252884554 &nbsp; Quellennachweise: Fotografien\/Portraits: Patricia Walther, Horst Ossinger DPA Webdesign: Christiane Luhmann, Kamen, www.luhmannandfriends.com &nbsp; Haftung f\u00fcr Inhalte Als Diensteanbieter sind wir gem\u00e4\u00df \u00a7 7 Abs.1 TMG f\u00fcr eigene Inhalte auf diesen Seiten nach den allgemeinen Gesetzen verantwortlich. Nach \u00a7\u00a7 8 bis 10 TMG sind wir als Diensteanbieter jedoch nicht verpflichtet, \u00fcbermittelte oder gespeicherte fremde Informationen zu \u00fcberwachen oder nach Umst\u00e4nden zu forschen, die auf eine rechtswidrige T\u00e4tigkeit hinweisen. Verpflichtungen zur Entfernung oder Sperrung der Nutzung von Informationen nach den allgemeinen Gesetzen bleiben hiervon unber\u00fchrt. Eine diesbez\u00fcgliche Haftung ist jedoch erst ab dem Zeitpunkt der Kenntnis einer konkreten Rechtsverletzung m\u00f6glich. Bei Bekanntwerden von entsprechenden Rechtsverletzungen werden wir diese Inhalte umgehend entfernen. Haftung f\u00fcr Links Unser Angebot enth\u00e4lt Links zu externen Webseiten Dritter, auf deren Inhalte wir keinen Einfluss haben. Deshalb k\u00f6nnen wir f\u00fcr diese fremden Inhalte auch keine Gew\u00e4hr \u00fcbernehmen. F\u00fcr die Inhalte der verlinkten Seiten ist stets der jeweilige Anbieter oder Betreiber der Seiten verantwortlich. Die verlinkten Seiten wurden zum Zeitpunkt der Verlinkung auf m\u00f6gliche Rechtsverst\u00f6\u00dfe \u00fcberpr\u00fcft. Rechtswidrige Inhalte waren zum&#8230;<\/p>","protected":false},"author":3,"featured_media":0,"parent":0,"menu_order":0,"comment_status":"closed","ping_status":"closed","template":"","meta":{"footnotes":""},"class_list":["post-8183","page","type-page","status-publish","hentry"],"_links":{"self":[{"href":"https:\/\/salalieber.com\/en\/wp-json\/wp\/v2\/pages\/8183","targetHints":{"allow":["GET"]}}],"collection":[{"href":"https:\/\/salalieber.com\/en\/wp-json\/wp\/v2\/pages"}],"about":[{"href":"https:\/\/salalieber.com\/en\/wp-json\/wp\/v2\/types\/page"}],"author":[{"embeddable":true,"href":"https:\/\/salalieber.com\/en\/wp-json\/wp\/v2\/users\/3"}],"replies":[{"embeddable":true,"href":"https:\/\/salalieber.com\/en\/wp-json\/wp\/v2\/comments?post=8183"}],"version-history":[{"count":12,"href":"https:\/\/salalieber.com\/en\/wp-json\/wp\/v2\/pages\/8183\/revisions"}],"predecessor-version":[{"id":10429,"href":"https:\/\/salalieber.com\/en\/wp-json\/wp\/v2\/pages\/8183\/revisions\/10429"}],"wp:attachment":[{"href":"https:\/\/salalieber.com\/en\/wp-json\/wp\/v2\/media?parent=8183"}],"curies":[{"name":"wp","href":"https:\/\/api.w.org\/{rel}","templated":true}]}}