{"id":10547,"date":"2025-11-13T15:17:01","date_gmt":"2025-11-13T14:17:01","guid":{"rendered":"https:\/\/salalieber.com\/?page_id=10547"},"modified":"2025-12-09T20:46:32","modified_gmt":"2025-12-09T19:46:32","slug":"widerrufsbestimmungen","status":"publish","type":"page","link":"https:\/\/salalieber.com\/en\/widerrufsbestimmungen\/","title":{"rendered":"Cancellation policy"},"content":{"rendered":"<div class=\"wpb-content-wrapper\"><div class=\"vc_row wpb_row vc_row-fluid edgtf-section edgtf-content-aligment-left\" style=\"\"><div class=\"clearfix edgtf-full-section-inner\"><div class=\"wpb_column vc_column_container vc_col-sm-12\"><div class=\"vc_column-inner\"><div class=\"wpb_wrapper\"><div class=\"vc_empty_space\"   style=\"height: 32px\"><span class=\"vc_empty_space_inner\"><\/span><\/div><\/div><\/div><\/div><\/div><\/div><div class=\"vc_row wpb_row vc_row-fluid edgtf-section edgtf-content-aligment-left\" style=\"\"><div class=\"clearfix edgtf-full-section-inner\"><div class=\"wpb_column vc_column_container vc_col-sm-2\"><div class=\"vc_column-inner\"><div class=\"wpb_wrapper\"><\/div><\/div><\/div><div class=\"wpb_column vc_column_container vc_col-sm-8\"><div class=\"vc_column-inner\"><div class=\"wpb_wrapper\"><div class=\"vc_empty_space\"   style=\"height: 32px\"><span class=\"vc_empty_space_inner\"><\/span><\/div>\n\t<div class=\"wpb_text_column wpb_content_element\" >\n\t\t<div class=\"wpb_wrapper\">\n\t\t\t<h3>Return policy<\/h3>\n<h3>Sala Lieber Online Shop<\/h3>\n<p>&nbsp;<\/p>\n<p>We want you to be 100% satisfied with your artwork. If you are not completely satisfied with your purchase, you can return the artwork within 14 days of receipt.<\/p>\n<p>To return an item, you must contact us at salalieber@gmail.com within 14 days of receiving your item(s). Please send us a clear explanation via email stating your decision to exercise your right of return.<\/p>\n<p>For orders delivered by mail, the items must be returned to us immediately, but no later than 14 days from the day we were informed of your cancellation of this contract, in perfect condition, in their original packaging, via insured shipping with tracking. The deadline is met if the items are dispatched before the 14-day period expires.<\/p>\n<p>You are responsible for the direct costs of returning the items, including insured shipping up to the value of the items. Please send the tracking number and shipping receipts immediately after sending the return shipment via email to salalieber@gmail.com.<\/p>\n<p>For orders with self-collection, you are responsible for the independent personal return to the showroom, Kanalstrasse 25, 41460 Neuss, or you must follow the above instructions for return shipping.<\/p>\n<p>We reserve the right to withhold the refund until we have received the items and checked them for being in perfect, saleable condition.<\/p>\n<p>If the items are returned undamaged and without defects, you will receive a full refund of all payments received, including delivery costs, no later than 14 days from the day on which we are informed of your decision to withdraw from this contract. The refund will be issued using the same payment method you used for the original purchase. This excludes any additional costs incurred in returning the items. A cancellation fee of \u20ac5 may be charged to cover transaction costs incurred in processing the refund.<\/p>\n<p>You are only liable for any loss in value of the goods if this loss is due to handling of them that was not necessary for testing their nature, properties and functioning.<\/p>\n<p>Please note that there is no right of withdrawal for custom-made items. For individual products, the right of withdrawal is excluded in accordance with \u00a7 312g para. 2 no. 1 of the German Civil Code (BGB).<\/p>\n<p>For further questions, please send an email to salalieber@gmail.com<\/p>\n\n\t\t<\/div>\n\t<\/div>\n<\/div><\/div><\/div><div class=\"wpb_column vc_column_container vc_col-sm-2\"><div class=\"vc_column-inner\"><div class=\"wpb_wrapper\"><\/div><\/div><\/div><\/div><\/div><div class=\"vc_row wpb_row vc_row-fluid edgtf-section edgtf-content-aligment-left\" style=\"\"><div class=\"clearfix edgtf-full-section-inner\"><div class=\"wpb_column vc_column_container vc_col-sm-12\"><div class=\"vc_column-inner\"><div class=\"wpb_wrapper\"><div class=\"vc_empty_space\"   style=\"height: 232px\"><span class=\"vc_empty_space_inner\"><\/span><\/div><\/div><\/div><\/div><\/div><\/div>\n<\/div>","protected":false},"excerpt":{"rendered":"R\u00fcckgaberichtlinien Sala Lieber Online-Shop &nbsp; Wir m\u00f6chten, dass Sie mit Ihrem Kunstwerk zu 100 % zufrieden sind. Wenn Sie mit Ihrem Kauf nicht vollst\u00e4ndig zufrieden sind, k\u00f6nnen Sie das Kunstwerk innerhalb von 14 Tagen nach Erhalt zur\u00fcckgeben. Um einen Artikel zur\u00fcckzugeben, m\u00fcssen Sie uns innerhalb von 14 Tagen nach Erhalt Ihrer Artikel unter salalieber@gmail.com kontaktieren. Bitte senden Sie uns eine eindeutige Erkl\u00e4rung per E-Mail, in der Sie Ihre Entscheidung zur Aus\u00fcbung Ihres R\u00fcckgaberechts mitteilen. Bei Bestellungen, die Sie auf dem Versandweg erreicht haben, m\u00fcssen die Artikel unverz\u00fcglich, sp\u00e4testens jedoch innerhalb von 14 Tagen ab dem Tag, an dem wir \u00fcber den Widerruf dieses Vertrags informiert wurden, an uns in einwandfreiem Zustand, in der Originalverpackung, mit versichertem Versand und Sendungsverfolgung zur\u00fcckgesandt werden. Die Frist ist gewahrt, wenn die Artikel vor Ablauf der 14-t\u00e4gigen Frist versandt werden. Sie tragen die unmittelbaren Kosten der R\u00fccksendung der Artikel mit zum Wert der Artikel versicherten Versand. Die Sendungsverfolgungsnummer und Sendungsbelege senden Sie nach Aufgabe der R\u00fccksendung bitte unverz\u00fcglich per E-Mail an salalieber@gmail.com. Bei Bestellungen mit Selbstabholung, sind Sie f\u00fcr die selbst\u00e4ndige pers\u00f6nliche R\u00fcckgabe beim Showroom, Kanalstrasse 25, 41460 Neuss, verantwortlich, oder m\u00fcssen den oben genannten...","protected":false},"author":7,"featured_media":0,"parent":0,"menu_order":0,"comment_status":"closed","ping_status":"closed","template":"","meta":{"footnotes":""},"class_list":["post-10547","page","type-page","status-publish","hentry"],"_links":{"self":[{"href":"https:\/\/salalieber.com\/en\/wp-json\/wp\/v2\/pages\/10547","targetHints":{"allow":["GET"]}}],"collection":[{"href":"https:\/\/salalieber.com\/en\/wp-json\/wp\/v2\/pages"}],"about":[{"href":"https:\/\/salalieber.com\/en\/wp-json\/wp\/v2\/types\/page"}],"author":[{"embeddable":true,"href":"https:\/\/salalieber.com\/en\/wp-json\/wp\/v2\/users\/7"}],"replies":[{"embeddable":true,"href":"https:\/\/salalieber.com\/en\/wp-json\/wp\/v2\/comments?post=10547"}],"version-history":[{"count":15,"href":"https:\/\/salalieber.com\/en\/wp-json\/wp\/v2\/pages\/10547\/revisions"}],"predecessor-version":[{"id":10725,"href":"https:\/\/salalieber.com\/en\/wp-json\/wp\/v2\/pages\/10547\/revisions\/10725"}],"wp:attachment":[{"href":"https:\/\/salalieber.com\/en\/wp-json\/wp\/v2\/media?parent=10547"}],"curies":[{"name":"wp","href":"https:\/\/api.w.org\/{rel}","templated":true}]}}