{"id":10542,"date":"2025-11-13T13:37:06","date_gmt":"2025-11-13T12:37:06","guid":{"rendered":"https:\/\/salalieber.com\/?page_id=10542"},"modified":"2025-12-09T20:44:46","modified_gmt":"2025-12-09T19:44:46","slug":"versand","status":"publish","type":"page","link":"https:\/\/salalieber.com\/en\/versand\/","title":{"rendered":"Shipment"},"content":{"rendered":"<div class=\"wpb-content-wrapper\"><div class=\"vc_row wpb_row vc_row-fluid edgtf-section edgtf-content-aligment-left\" style=\"\"><div class=\"clearfix edgtf-full-section-inner\"><div class=\"wpb_column vc_column_container vc_col-sm-12\"><div class=\"vc_column-inner\"><div class=\"wpb_wrapper\"><div class=\"vc_empty_space\"   style=\"height: 32px\"><span class=\"vc_empty_space_inner\"><\/span><\/div><\/div><\/div><\/div><\/div><\/div><div class=\"vc_row wpb_row vc_row-fluid edgtf-section edgtf-content-aligment-left\" style=\"\"><div class=\"clearfix edgtf-full-section-inner\"><div class=\"wpb_column vc_column_container vc_col-sm-2\"><div class=\"vc_column-inner\"><div class=\"wpb_wrapper\"><\/div><\/div><\/div><div class=\"wpb_column vc_column_container vc_col-sm-8\"><div class=\"vc_column-inner\"><div class=\"wpb_wrapper\">\n\t<div class=\"wpb_text_column wpb_content_element\" >\n\t\t<div class=\"wpb_wrapper\">\n\t\t\t<h3>Delivery<\/h3>\n<h3>Sala Lieber Online Shop<\/h3>\n<p>&nbsp;<\/p>\n<p>All artworks ordered with shipping are sent directly from the studio in Neuss, Germany, as soon as payment is received. The flat shipping fee is \u20ac30, including packaging for insured shipping. The cost is calculated individually at checkout. We do not deliver to parcel lockers. We strive to ship all orders within 7 business days, and at the latest within 14 days. Delivery times vary depending on your location. After shipment, you will receive a separate message with a tracking number.<\/p>\n<p>Please note: Buyers from non-EU countries must pay local taxes and import duties upon arrival of the shipment in the destination country.<\/p>\n<p>We also offer the option of self-collection. Goods can be collected by prior appointment from our showroom at Kanalstrasse 25, 41460 Neuss. Collection is at the customer's own risk and expense.<\/p>\n<p>For questions regarding shipping, please contact <a href=\"mailto:salalieber@gmail.com\">salalieber@gmail.com.<\/a><\/p>\n<p>Currently, we are not shipping to China and Russia.<\/p>\n\n\t\t<\/div>\n\t<\/div>\n<\/div><\/div><\/div><div class=\"wpb_column vc_column_container vc_col-sm-2\"><div class=\"vc_column-inner\"><div class=\"wpb_wrapper\"><\/div><\/div><\/div><\/div><\/div><div class=\"vc_row wpb_row vc_row-fluid edgtf-section edgtf-content-aligment-left\" style=\"\"><div class=\"clearfix edgtf-full-section-inner\"><div class=\"wpb_column vc_column_container vc_col-sm-12\"><div class=\"vc_column-inner\"><div class=\"wpb_wrapper\"><div class=\"vc_empty_space\"   style=\"height: 232px\"><span class=\"vc_empty_space_inner\"><\/span><\/div><\/div><\/div><\/div><\/div><\/div>\n<\/div>","protected":false},"excerpt":{"rendered":"Lieferung Sala Lieber Online-Shop &nbsp; Alle Kunstwerke, die mit Versandt bestellt wurden, werden direkt aus dem Atelier in Neuss, Deutschland, versandt, sobald der Rechnungsbetrag bezahlt wurde. Die Versandkostenpauschale betr\u00e4gt 30\u20ac inkl. Verpackung f\u00fcr den versicherten Versand. Die Kosten werden an der Kasse individuell berechnet. Wir liefern nicht an Packstationen. Wir bem\u00fchen uns, alle Bestellungen innerhalb von 7 Werktagen zu versenden, sp\u00e4testens und verbindlich innerhalb von 14 Tagen. Die Lieferzeiten variieren je nach Ihrem Standort. Nach dem Versand erhalten Sie eine separate Nachricht mit einer Trackingnummer. Bitte beachten Sie: K\u00e4ufer aus Nicht-EU-L\u00e4ndern m\u00fcssen bei Ankunft der Sendung im Zielland lokale Steuern und Einfuhrgeb\u00fchren entrichten. Zus\u00e4tzlich bieten wir die M\u00f6glichkeit der Selbstabholung. Die Selbstabholung der Ware ist nach vorheriger Terminvereinbarung in unserem Showroom, Kanalstrasse 25, 41460 Neuss, m\u00f6glich. Die Abholung erfolgt durch den Kunden auf eigene Verantwortung und Kosten. Bei Fragen zum Versand wenden Sie sich bitte an salalieber@gmail.com. Derzeit erfolgt kein Versand nach China und Russland.","protected":false},"author":7,"featured_media":0,"parent":0,"menu_order":0,"comment_status":"closed","ping_status":"closed","template":"","meta":{"footnotes":""},"class_list":["post-10542","page","type-page","status-publish","hentry"],"_links":{"self":[{"href":"https:\/\/salalieber.com\/en\/wp-json\/wp\/v2\/pages\/10542","targetHints":{"allow":["GET"]}}],"collection":[{"href":"https:\/\/salalieber.com\/en\/wp-json\/wp\/v2\/pages"}],"about":[{"href":"https:\/\/salalieber.com\/en\/wp-json\/wp\/v2\/types\/page"}],"author":[{"embeddable":true,"href":"https:\/\/salalieber.com\/en\/wp-json\/wp\/v2\/users\/7"}],"replies":[{"embeddable":true,"href":"https:\/\/salalieber.com\/en\/wp-json\/wp\/v2\/comments?post=10542"}],"version-history":[{"count":20,"href":"https:\/\/salalieber.com\/en\/wp-json\/wp\/v2\/pages\/10542\/revisions"}],"predecessor-version":[{"id":10724,"href":"https:\/\/salalieber.com\/en\/wp-json\/wp\/v2\/pages\/10542\/revisions\/10724"}],"wp:attachment":[{"href":"https:\/\/salalieber.com\/en\/wp-json\/wp\/v2\/media?parent=10542"}],"curies":[{"name":"wp","href":"https:\/\/api.w.org\/{rel}","templated":true}]}}